{"id":8,"date":"2018-10-17T12:35:52","date_gmt":"2018-10-17T12:35:52","guid":{"rendered":"https:\/\/seksenyirmi.com\/intesasoft\/?page_id=8"},"modified":"2021-08-25T17:21:46","modified_gmt":"2021-08-25T17:21:46","slug":"kurumsal","status":"publish","type":"page","link":"https:\/\/intesasoft.com\/en\/kurumsal\/","title":{"rendered":"Corporate"},"content":{"rendered":"<p>[vc_row][vc_column][vc_single_image image=&#8221;211&#8243; img_size=&#8221;full&#8221; css=&#8221;.vc_custom_1540536804875{border-bottom-width: 5px !important;border-bottom-color: #ff2f16 !important;}&#8221;][\/vc_column][\/vc_row][vc_row][vc_column width=&#8221;1\/2&#8243;][vc_column_text]<strong>In Intesasoft, we provide sales and consultancy services for software products of international technology companies IBM and Snow Software, together with our professional team. In addition, we offer special web and mobile software solutions to our customers.<\/strong>[\/vc_column_text][\/vc_column][vc_column width=&#8221;1\/2&#8243;][vc_column_text]As a company that offers solutions suitable for customer needs, adds value, aims at tomorrow\u2019s technology, adopts business ethics, honesty and quality as a principle, we aim to be a leader in the informatics world by creating the highest level of value for our customers with innovative and creative information solutions.<\/p>\n<p>&nbsp;<\/p>\n<p>In our projects, we move forward with analysis, planning, development and testing methodology in order to meet the needs of our customers in a timely and complete manner.<\/p>\n<p class=\"p1\" style=\"text-align: justify;\"><span class=\"s1\">\u00a0<\/span><\/p>\n<p>[\/vc_column_text][\/vc_column][\/vc_row][vc_row disable_element=&#8221;yes&#8221; el_class=&#8221;timeline&#8221;][vc_column][vc_column_text]<\/p>\n<p style=\"text-align: center;\"><span style=\"font-size: 18pt;\"><strong>Tarih\u00e7emiz<\/strong><\/span><\/p>\n<p>[\/vc_column_text][vc_row_inner][vc_column_inner width=&#8221;1\/2&#8243;][vc_column_text]<strong>2015, Nisan<br \/>\n<\/strong><\/p>\n<p>\u015eirketimiz kuruldu.[\/vc_column_text][\/vc_column_inner][vc_column_inner width=&#8221;1\/2&#8243;][\/vc_column_inner][\/vc_row_inner][vc_row_inner][vc_column_inner width=&#8221;1\/2&#8243;][\/vc_column_inner][vc_column_inner width=&#8221;1\/2&#8243;][vc_column_text]<strong>2015, A\u011fustos<br \/>\n<\/strong><\/p>\n<p>Penta bayisi olduk.[\/vc_column_text][\/vc_column_inner][\/vc_row_inner][vc_row_inner][vc_column_inner width=&#8221;1\/2&#8243;][vc_column_text]<strong>2015, Eyl\u00fcl<br \/>\n<\/strong><\/p>\n<p>IBM i\u015f orta\u011f\u0131 olduk.[\/vc_column_text][\/vc_column_inner][vc_column_inner width=&#8221;1\/2&#8243;][\/vc_column_inner][\/vc_row_inner][vc_row_inner][vc_column_inner width=&#8221;1\/2&#8243;][\/vc_column_inner][vc_column_inner width=&#8221;1\/2&#8243;][vc_column_text]<strong>2017, Temmuz<br \/>\n<\/strong><\/p>\n<p>Bili\u015fim 500&#8217;de gelecek vaat eden \u015firketler aras\u0131nda yerimizi ald\u0131k.[\/vc_column_text][\/vc_column_inner][\/vc_row_inner][vc_row_inner][vc_column_inner width=&#8221;1\/2&#8243;][vc_column_text]<strong>2018, Haziran<br \/>\n<\/strong><\/p>\n<p>Snow i\u015f orta\u011f\u0131 olduk.[\/vc_column_text][\/vc_column_inner][vc_column_inner width=&#8221;1\/2&#8243;][\/vc_column_inner][\/vc_row_inner][\/vc_column][\/vc_row][vc_row][vc_column][vc_custom_heading text=&#8221;Our Business Partners&#8221; font_container=&#8221;tag:h2|text_align:center&#8221; use_theme_fonts=&#8221;yes&#8221; el_class=&#8221;h2&#8243;][\/vc_column][\/vc_row][vc_row][vc_column width=&#8221;1\/3&#8243;][vc_single_image image=&#8221;794&#8243; img_size=&#8221;full&#8221;][\/vc_column][vc_column width=&#8221;1\/3&#8243;][vc_single_image image=&#8221;843&#8243; img_size=&#8221;full&#8221;][\/vc_column][vc_column width=&#8221;1\/3&#8243;][vc_single_image image=&#8221;813&#8243; img_size=&#8221;full&#8221;][\/vc_column][\/vc_row]<\/p>","protected":false},"excerpt":{"rendered":"<p>[vc_row][vc_column][vc_single_image image=&#8221;211&#8243; img_size=&#8221;full&#8221; css=&#8221;.vc_custom_1540536804875{border-bottom-width: 5px !important;border-bottom-color: #ff2f16 !important;}&#8221;][\/vc_column][\/vc_row][vc_row][vc_column width=&#8221;1\/2&#8243;][vc_column_text]In Intesasoft, we provide sales and consultancy services for software products of international technology companies IBM and Snow Software, together with our professional team. In addition, we offer special web and mobile software solutions to our customers.[\/vc_column_text][\/vc_column][vc_column width=&#8221;1\/2&#8243;][vc_column_text]As a company that offers solutions suitable for customer needs, &hellip; <\/p>\n<p class=\"link-more\"><a href=\"https:\/\/intesasoft.com\/en\/kurumsal\/\" class=\"more-link\">Continue reading<span class=\"screen-reader-text\"> &#8220;Corporate&#8221;<\/span><\/a><\/p>\n","protected":false},"author":1,"featured_media":0,"parent":0,"menu_order":0,"comment_status":"closed","ping_status":"closed","template":"","meta":{"_acf_changed":false,"footnotes":""},"class_list":["post-8","page","type-page","status-publish","hentry"],"acf":[],"aioseo_notices":[],"_links":{"self":[{"href":"https:\/\/intesasoft.com\/en\/wp-json\/wp\/v2\/pages\/8"}],"collection":[{"href":"https:\/\/intesasoft.com\/en\/wp-json\/wp\/v2\/pages"}],"about":[{"href":"https:\/\/intesasoft.com\/en\/wp-json\/wp\/v2\/types\/page"}],"author":[{"embeddable":true,"href":"https:\/\/intesasoft.com\/en\/wp-json\/wp\/v2\/users\/1"}],"replies":[{"embeddable":true,"href":"https:\/\/intesasoft.com\/en\/wp-json\/wp\/v2\/comments?post=8"}],"version-history":[{"count":119,"href":"https:\/\/intesasoft.com\/en\/wp-json\/wp\/v2\/pages\/8\/revisions"}],"predecessor-version":[{"id":1904,"href":"https:\/\/intesasoft.com\/en\/wp-json\/wp\/v2\/pages\/8\/revisions\/1904"}],"wp:attachment":[{"href":"https:\/\/intesasoft.com\/en\/wp-json\/wp\/v2\/media?parent=8"}],"curies":[{"name":"wp","href":"https:\/\/api.w.org\/{rel}","templated":true}]}}